{"id":13,"date":"2023-07-04T09:02:08","date_gmt":"2023-07-04T07:02:08","guid":{"rendered":"https:\/\/www.naturheilpraxis-rudt.de\/?page_id=13"},"modified":"2024-05-31T14:03:39","modified_gmt":"2024-05-31T12:03:39","slug":"terapie","status":"publish","type":"page","link":"https:\/\/www.naturheilpraxis-rudt.de\/?page_id=13","title":{"rendered":"Therapie"},"content":{"rendered":"\n<p><strong>Traditionelle europ\u00e4ische Naturheilkunde (TEN)<\/strong><br>Die traditionelle europ\u00e4ische Naturheilkunde (TEN) ist eine Methode mit der man ganzheitlich<br>Erkrankungen\/Schw\u00e4chen\/Krankheiten vorbeugen, erkennen und behandeln kann. Dies geschieht mit<br>Hilfe von traditionellen ausleitenden und umstimmenden Verfahren, die auf die Steigerung der nat\u00fcrlichen<br>Selbstheilungskr\u00e4fte der Menschen abzielt. Denn Stress, Umweltgifte, Strahlenbelastung und<br>degenerative Nahrung ersch\u00f6pfen die k\u00f6rpereigenen Kapazit\u00e4ten. Dies hat zur Folge, dass es zu<br>Ablagerungen in Binde- und Fettgewebe, sowie in den Blutgef\u00e4\u00dfen oder den Organen kommt, welches zu<br>Stoffwechselst\u00f6rungen und schlussendlich zu Erkrankungen f\u00fchrt.<br>Mit Hilfe von naturheilkundlichen Behandlungsverfahren lassen sich die Entgiftungsorgane (Leber, Niere,<br>Haut, Lymphe) st\u00e4rken und unterst\u00fctzen und somit die Entgiftung f\u00f6rdern.<br>Des Weiteren ist es wichtig St\u00f6rfelder, beispielsweise Narben, zu behandeln.<br>Es gibt viele Verfahren zur Ausleitung und zur Umstimmung.<br>Hierzu geh\u00f6ren unter anderem:<\/p>\n\n\n\n<ul>\n<li>Schr\u00f6pfen<\/li>\n<\/ul>\n\n\n\n<ul>\n<li>Blutegeltherapie<\/li>\n<\/ul>\n\n\n\n<ul>\n<li>Aderlass<\/li>\n<\/ul>\n\n\n\n<ul>\n<li>Baunscheidtieren<\/li>\n<\/ul>\n\n\n\n<ul>\n<li>Cantharidenpflaster<\/li>\n<\/ul>\n\n\n\n<ul>\n<li>Neuraltherapie<\/li>\n<\/ul>\n","protected":false},"excerpt":{"rendered":"<p>Traditionelle europ\u00e4ische Naturheilkunde (TEN)Die traditionelle europ\u00e4ische Naturheilkunde (TEN) ist eine Methode mit der man ganzheitlichErkrankungen\/Schw\u00e4chen\/Krankheiten vorbeugen, erkennen und behandeln kann. Dies geschieht mitHilfe von traditionellen ausleitenden und umstimmenden Verfahren, die auf die Steigerung der nat\u00fcrlichenSelbstheilungskr\u00e4fte der Menschen abzielt. Denn Stress, Umweltgifte, Strahlenbelastung unddegenerative Nahrung ersch\u00f6pfen die k\u00f6rpereigenen Kapazit\u00e4ten. Dies hat zur Folge, dass es zuAblagerungen [&hellip;]<\/p>\n","protected":false},"author":1,"featured_media":0,"parent":0,"menu_order":0,"comment_status":"closed","ping_status":"closed","template":"","meta":{"footnotes":""},"_links":{"self":[{"href":"https:\/\/www.naturheilpraxis-rudt.de\/index.php?rest_route=\/wp\/v2\/pages\/13"}],"collection":[{"href":"https:\/\/www.naturheilpraxis-rudt.de\/index.php?rest_route=\/wp\/v2\/pages"}],"about":[{"href":"https:\/\/www.naturheilpraxis-rudt.de\/index.php?rest_route=\/wp\/v2\/types\/page"}],"author":[{"embeddable":true,"href":"https:\/\/www.naturheilpraxis-rudt.de\/index.php?rest_route=\/wp\/v2\/users\/1"}],"replies":[{"embeddable":true,"href":"https:\/\/www.naturheilpraxis-rudt.de\/index.php?rest_route=%2Fwp%2Fv2%2Fcomments&post=13"}],"version-history":[{"count":4,"href":"https:\/\/www.naturheilpraxis-rudt.de\/index.php?rest_route=\/wp\/v2\/pages\/13\/revisions"}],"predecessor-version":[{"id":136,"href":"https:\/\/www.naturheilpraxis-rudt.de\/index.php?rest_route=\/wp\/v2\/pages\/13\/revisions\/136"}],"wp:attachment":[{"href":"https:\/\/www.naturheilpraxis-rudt.de\/index.php?rest_route=%2Fwp%2Fv2%2Fmedia&parent=13"}],"curies":[{"name":"wp","href":"https:\/\/api.w.org\/{rel}","templated":true}]}}